{"id":3936,"date":"2024-09-06T10:08:03","date_gmt":"2024-09-06T08:08:03","guid":{"rendered":"https:\/\/www.madamaoliva.it\/il-nostro-percorso-di-qualita\/"},"modified":"2024-12-04T11:54:54","modified_gmt":"2024-12-04T10:54:54","slug":"our-quality-journey","status":"publish","type":"page","link":"https:\/\/www.madamaoliva.it\/en\/our-quality-journey\/","title":{"rendered":"Our quality journey"},"content":{"rendered":"<h2 style=\"text-align: center;\" data-aos=\"fade-up\">Growth<br \/>\nbased on innovation<\/h2>\n<p class=\"h5 text-body\" style=\"text-align: center;\" data-aos=\"fade-up\">At Madama Oliva we are <strong>leading producers in Italy of fresh table olives<\/strong>. We are also an international brand, present across <strong>five continents<\/strong>, supplying the large retail and catering sectors.<\/p>\n","protected":false},"excerpt":{"rendered":"<p>Growth based on innovation At Madama Oliva we are leading producers in Italy of fresh table olives. We are also an international brand, present across five continents, supplying the large retail and catering sectors.<\/p>\n","protected":false},"author":712,"featured_media":0,"parent":0,"menu_order":30,"comment_status":"closed","ping_status":"closed","template":"qualita.php","meta":{"_acf_changed":false,"footnotes":""},"class_list":["post-3936","page","type-page","status-publish","hentry"],"acf":[],"yoast_head":"<!-- This site is optimized with the Yoast SEO plugin v24.2 - https:\/\/yoast.com\/wordpress\/plugins\/seo\/ -->\n<title>Il Percorso di Qualit\u00e0 di Madama Oliva - Innovazione e Sostenibilit\u00e0<\/title>\n<meta name=\"description\" content=\"Scopri il percorso di qualit\u00e0: innovazione, tecnologia e sostenibilit\u00e0 per garantire olive eccellenti e un processo produttivo all&#039;avanguardia\" \/>\n<meta name=\"robots\" content=\"index, follow, max-snippet:-1, max-image-preview:large, max-video-preview:-1\" \/>\n<link rel=\"canonical\" href=\"https:\/\/www.madamaoliva.it\/en\/our-quality-journey\/\" \/>\n<meta property=\"og:locale\" content=\"en_US\" \/>\n<meta property=\"og:type\" content=\"article\" \/>\n<meta property=\"og:title\" content=\"Il Percorso di Qualit\u00e0 di Madama Oliva - Innovazione e Sostenibilit\u00e0\" \/>\n<meta property=\"og:description\" content=\"Scopri il percorso di qualit\u00e0: innovazione, tecnologia e sostenibilit\u00e0 per garantire olive eccellenti e un processo produttivo all&#039;avanguardia\" \/>\n<meta property=\"og:url\" content=\"https:\/\/www.madamaoliva.it\/en\/our-quality-journey\/\" \/>\n<meta property=\"og:site_name\" content=\"Madama Oliva\" \/>\n<meta property=\"article:publisher\" content=\"https:\/\/www.facebook.com\/MadamaOliva\/\" \/>\n<meta property=\"article:modified_time\" content=\"2024-12-04T10:54:54+00:00\" \/>\n<meta property=\"og:image\" content=\"https:\/\/www.madamaoliva.it\/wp-content\/uploads\/madamaoliva-social.jpg\" \/>\n\t<meta property=\"og:image:width\" content=\"1200\" \/>\n\t<meta property=\"og:image:height\" content=\"675\" \/>\n\t<meta property=\"og:image:type\" content=\"image\/jpeg\" \/>\n<meta name=\"twitter:card\" content=\"summary_large_image\" \/>\n<script type=\"application\/ld+json\" class=\"yoast-schema-graph\">{\"@context\":\"https:\/\/schema.org\",\"@graph\":[{\"@type\":\"WebPage\",\"@id\":\"https:\/\/www.madamaoliva.it\/en\/our-quality-journey\/\",\"url\":\"https:\/\/www.madamaoliva.it\/en\/our-quality-journey\/\",\"name\":\"Il Percorso di Qualit\u00e0 di Madama Oliva - Innovazione e Sostenibilit\u00e0\",\"isPartOf\":{\"@id\":\"https:\/\/www.madamaoliva.it\/en\/#website\"},\"datePublished\":\"2024-09-06T08:08:03+00:00\",\"dateModified\":\"2024-12-04T10:54:54+00:00\",\"description\":\"Scopri il percorso di qualit\u00e0: innovazione, tecnologia e sostenibilit\u00e0 per garantire olive eccellenti e un processo produttivo all'avanguardia\",\"breadcrumb\":{\"@id\":\"https:\/\/www.madamaoliva.it\/en\/our-quality-journey\/#breadcrumb\"},\"inLanguage\":\"en-US\",\"potentialAction\":[{\"@type\":\"ReadAction\",\"target\":[\"https:\/\/www.madamaoliva.it\/en\/our-quality-journey\/\"]}]},{\"@type\":\"BreadcrumbList\",\"@id\":\"https:\/\/www.madamaoliva.it\/en\/our-quality-journey\/#breadcrumb\",\"itemListElement\":[{\"@type\":\"ListItem\",\"position\":1,\"name\":\"Home\",\"item\":\"https:\/\/www.madamaoliva.it\/en\/homepage\/\"},{\"@type\":\"ListItem\",\"position\":2,\"name\":\"Our quality journey\"}]},{\"@type\":\"WebSite\",\"@id\":\"https:\/\/www.madamaoliva.it\/en\/#website\",\"url\":\"https:\/\/www.madamaoliva.it\/en\/\",\"name\":\"Madama Oliva\",\"description\":\"Gli specialisti delle olive\",\"publisher\":{\"@id\":\"https:\/\/www.madamaoliva.it\/en\/#organization\"},\"potentialAction\":[{\"@type\":\"SearchAction\",\"target\":{\"@type\":\"EntryPoint\",\"urlTemplate\":\"https:\/\/www.madamaoliva.it\/en\/?s={search_term_string}\"},\"query-input\":{\"@type\":\"PropertyValueSpecification\",\"valueRequired\":true,\"valueName\":\"search_term_string\"}}],\"inLanguage\":\"en-US\"},{\"@type\":\"Organization\",\"@id\":\"https:\/\/www.madamaoliva.it\/en\/#organization\",\"name\":\"Madama Oliva\",\"url\":\"https:\/\/www.madamaoliva.it\/en\/\",\"logo\":{\"@type\":\"ImageObject\",\"inLanguage\":\"en-US\",\"@id\":\"https:\/\/www.madamaoliva.it\/en\/#\/schema\/logo\/image\/\",\"url\":\"https:\/\/www.madamaoliva.it\/wp-content\/uploads\/madamaoliva-logo.png\",\"contentUrl\":\"https:\/\/www.madamaoliva.it\/wp-content\/uploads\/madamaoliva-logo.png\",\"width\":1105,\"height\":261,\"caption\":\"Madama Oliva\"},\"image\":{\"@id\":\"https:\/\/www.madamaoliva.it\/en\/#\/schema\/logo\/image\/\"},\"sameAs\":[\"https:\/\/www.facebook.com\/MadamaOliva\/\",\"https:\/\/www.instagram.com\/\",\"https:\/\/it.linkedin.com\/company\/madama-oliva\",\"https:\/\/www.youtube.com\/@madamaoliva5841\"]}]}<\/script>\n<!-- \/ Yoast SEO plugin. -->","yoast_head_json":{"title":"Il Percorso di Qualit\u00e0 di Madama Oliva - Innovazione e Sostenibilit\u00e0","description":"Scopri il percorso di qualit\u00e0: innovazione, tecnologia e sostenibilit\u00e0 per garantire olive eccellenti e un processo produttivo all'avanguardia","robots":{"index":"index","follow":"follow","max-snippet":"max-snippet:-1","max-image-preview":"max-image-preview:large","max-video-preview":"max-video-preview:-1"},"canonical":"https:\/\/www.madamaoliva.it\/en\/our-quality-journey\/","og_locale":"en_US","og_type":"article","og_title":"Il Percorso di Qualit\u00e0 di Madama Oliva - Innovazione e Sostenibilit\u00e0","og_description":"Scopri il percorso di qualit\u00e0: innovazione, tecnologia e sostenibilit\u00e0 per garantire olive eccellenti e un processo produttivo all'avanguardia","og_url":"https:\/\/www.madamaoliva.it\/en\/our-quality-journey\/","og_site_name":"Madama Oliva","article_publisher":"https:\/\/www.facebook.com\/MadamaOliva\/","article_modified_time":"2024-12-04T10:54:54+00:00","og_image":[{"width":1200,"height":675,"url":"https:\/\/www.madamaoliva.it\/wp-content\/uploads\/madamaoliva-social.jpg","type":"image\/jpeg"}],"twitter_card":"summary_large_image","schema":{"@context":"https:\/\/schema.org","@graph":[{"@type":"WebPage","@id":"https:\/\/www.madamaoliva.it\/en\/our-quality-journey\/","url":"https:\/\/www.madamaoliva.it\/en\/our-quality-journey\/","name":"Il Percorso di Qualit\u00e0 di Madama Oliva - Innovazione e Sostenibilit\u00e0","isPartOf":{"@id":"https:\/\/www.madamaoliva.it\/en\/#website"},"datePublished":"2024-09-06T08:08:03+00:00","dateModified":"2024-12-04T10:54:54+00:00","description":"Scopri il percorso di qualit\u00e0: innovazione, tecnologia e sostenibilit\u00e0 per garantire olive eccellenti e un processo produttivo all'avanguardia","breadcrumb":{"@id":"https:\/\/www.madamaoliva.it\/en\/our-quality-journey\/#breadcrumb"},"inLanguage":"en-US","potentialAction":[{"@type":"ReadAction","target":["https:\/\/www.madamaoliva.it\/en\/our-quality-journey\/"]}]},{"@type":"BreadcrumbList","@id":"https:\/\/www.madamaoliva.it\/en\/our-quality-journey\/#breadcrumb","itemListElement":[{"@type":"ListItem","position":1,"name":"Home","item":"https:\/\/www.madamaoliva.it\/en\/homepage\/"},{"@type":"ListItem","position":2,"name":"Our quality journey"}]},{"@type":"WebSite","@id":"https:\/\/www.madamaoliva.it\/en\/#website","url":"https:\/\/www.madamaoliva.it\/en\/","name":"Madama Oliva","description":"Gli specialisti delle olive","publisher":{"@id":"https:\/\/www.madamaoliva.it\/en\/#organization"},"potentialAction":[{"@type":"SearchAction","target":{"@type":"EntryPoint","urlTemplate":"https:\/\/www.madamaoliva.it\/en\/?s={search_term_string}"},"query-input":{"@type":"PropertyValueSpecification","valueRequired":true,"valueName":"search_term_string"}}],"inLanguage":"en-US"},{"@type":"Organization","@id":"https:\/\/www.madamaoliva.it\/en\/#organization","name":"Madama Oliva","url":"https:\/\/www.madamaoliva.it\/en\/","logo":{"@type":"ImageObject","inLanguage":"en-US","@id":"https:\/\/www.madamaoliva.it\/en\/#\/schema\/logo\/image\/","url":"https:\/\/www.madamaoliva.it\/wp-content\/uploads\/madamaoliva-logo.png","contentUrl":"https:\/\/www.madamaoliva.it\/wp-content\/uploads\/madamaoliva-logo.png","width":1105,"height":261,"caption":"Madama Oliva"},"image":{"@id":"https:\/\/www.madamaoliva.it\/en\/#\/schema\/logo\/image\/"},"sameAs":["https:\/\/www.facebook.com\/MadamaOliva\/","https:\/\/www.instagram.com\/","https:\/\/it.linkedin.com\/company\/madama-oliva","https:\/\/www.youtube.com\/@madamaoliva5841"]}]}},"_links":{"self":[{"href":"https:\/\/www.madamaoliva.it\/en\/wp-json\/wp\/v2\/pages\/3936","targetHints":{"allow":["GET"]}}],"collection":[{"href":"https:\/\/www.madamaoliva.it\/en\/wp-json\/wp\/v2\/pages"}],"about":[{"href":"https:\/\/www.madamaoliva.it\/en\/wp-json\/wp\/v2\/types\/page"}],"author":[{"embeddable":true,"href":"https:\/\/www.madamaoliva.it\/en\/wp-json\/wp\/v2\/users\/712"}],"replies":[{"embeddable":true,"href":"https:\/\/www.madamaoliva.it\/en\/wp-json\/wp\/v2\/comments?post=3936"}],"version-history":[{"count":4,"href":"https:\/\/www.madamaoliva.it\/en\/wp-json\/wp\/v2\/pages\/3936\/revisions"}],"predecessor-version":[{"id":3965,"href":"https:\/\/www.madamaoliva.it\/en\/wp-json\/wp\/v2\/pages\/3936\/revisions\/3965"}],"wp:attachment":[{"href":"https:\/\/www.madamaoliva.it\/en\/wp-json\/wp\/v2\/media?parent=3936"}],"curies":[{"name":"wp","href":"https:\/\/api.w.org\/{rel}","templated":true}]}}